{"id":242,"date":"2021-07-30T15:00:05","date_gmt":"2021-07-30T15:00:05","guid":{"rendered":"https:\/\/karyo.store\/?page_id=242"},"modified":"2021-09-29T09:30:50","modified_gmt":"2021-09-29T08:30:50","slug":"distributeur","status":"publish","type":"page","link":"https:\/\/karyo.store\/en\/distributor\/","title":{"rendered":"Distributor"},"content":{"rendered":"<div data-elementor-type=\"wp-page\" data-elementor-id=\"242\" class=\"elementor elementor-242\" data-elementor-post-type=\"page\">\n\t\t\t\t\t\t<section class=\"elementor-section elementor-top-section elementor-element elementor-element-503f043 dc-has-condition dc-condition-not_empty elementor-section-full_width elementor-section-height-default elementor-section-height-default\" data-id=\"503f043\" data-element_type=\"section\">\n\t\t\t\t\t\t<div class=\"elementor-container elementor-column-gap-default\">\n\t\t\t\t\t<div class=\"elementor-column elementor-col-100 elementor-top-column elementor-element elementor-element-80a41ec\" data-id=\"80a41ec\" data-element_type=\"column\">\n\t\t\t<div class=\"elementor-widget-wrap elementor-element-populated\">\n\t\t\t\t\t\t<div class=\"elementor-element elementor-element-24b1210 elementor-widget elementor-widget-heading\" data-id=\"24b1210\" data-element_type=\"widget\" data-widget_type=\"heading.default\">\n\t\t\t\t<div class=\"elementor-widget-container\">\n\t\t\t<style>\/*! elementor - v3.20.0 - 20-03-2024 *\/\n.elementor-heading-title{padding:0;margin:0;line-height:1}.elementor-widget-heading .elementor-heading-title[class*=elementor-size-]>a{color:inherit;font-size:inherit;line-height:inherit}.elementor-widget-heading .elementor-heading-title.elementor-size-small{font-size:15px}.elementor-widget-heading .elementor-heading-title.elementor-size-medium{font-size:19px}.elementor-widget-heading .elementor-heading-title.elementor-size-large{font-size:29px}.elementor-widget-heading .elementor-heading-title.elementor-size-xl{font-size:39px}.elementor-widget-heading .elementor-heading-title.elementor-size-xxl{font-size:59px}<\/style><h1 class=\"elementor-heading-title elementor-size-default\">Distributor<\/h1>\t\t<\/div>\n\t\t\t\t<\/div>\n\t\t\t\t<section class=\"elementor-section elementor-inner-section elementor-element elementor-element-8b83921 elementor-section-full_width elementor-section-height-default elementor-section-height-default\" data-id=\"8b83921\" data-element_type=\"section\">\n\t\t\t\t\t\t<div class=\"elementor-container elementor-column-gap-default\">\n\t\t\t\t\t<div class=\"elementor-column elementor-col-50 elementor-inner-column elementor-element elementor-element-b887c45\" data-id=\"b887c45\" data-element_type=\"column\" data-settings=\"{&quot;background_background&quot;:&quot;classic&quot;}\">\n\t\t\t<div class=\"elementor-widget-wrap elementor-element-populated\">\n\t\t\t\t\t\t<div class=\"elementor-element elementor-element-4afbccf elementor-widget elementor-widget-heading\" data-id=\"4afbccf\" data-element_type=\"widget\" data-widget_type=\"heading.default\">\n\t\t\t\t<div class=\"elementor-widget-container\">\n\t\t\t<h5 class=\"elementor-heading-title elementor-size-default\">Already a distributor? <\/h5>\t\t<\/div>\n\t\t\t\t<\/div>\n\t\t\t\t<div class=\"elementor-element elementor-element-2b24fdb elementor-widget elementor-widget-text-editor\" data-id=\"2b24fdb\" data-element_type=\"widget\" data-widget_type=\"text-editor.default\">\n\t\t\t\t<div class=\"elementor-widget-container\">\n\t\t\t<style>\/*! elementor - v3.20.0 - 20-03-2024 *\/\n.elementor-widget-text-editor.elementor-drop-cap-view-stacked .elementor-drop-cap{background-color:#69727d;color:#fff}.elementor-widget-text-editor.elementor-drop-cap-view-framed .elementor-drop-cap{color:#69727d;border:3px solid;background-color:transparent}.elementor-widget-text-editor:not(.elementor-drop-cap-view-default) .elementor-drop-cap{margin-top:8px}.elementor-widget-text-editor:not(.elementor-drop-cap-view-default) .elementor-drop-cap-letter{width:1em;height:1em}.elementor-widget-text-editor .elementor-drop-cap{float:left;text-align:center;line-height:1;font-size:50px}.elementor-widget-text-editor .elementor-drop-cap-letter{display:inline-block}<\/style>\t\t\t\t<p><span style=\"color: var( --e-global-color-text ); font-family: var( --e-global-typography-b0afe35-font-family ), Sans-serif; font-size: var( --e-global-typography-b0afe35-font-size ); font-weight: var( --e-global-typography-b0afe35-font-weight ); letter-spacing: var( --e-global-typography-b0afe35-letter-spacing ); background-color: var( --e-global-color-9a27e30 );\">Log in below to access your dashboard, place your orders...<\/span><br><\/p>\t\t\t\t\t\t<\/div>\n\t\t\t\t<\/div>\n\t\t\t\t\t<\/div>\n\t\t<\/div>\n\t\t\t\t<div class=\"elementor-column elementor-col-50 elementor-inner-column elementor-element elementor-element-7983b83\" data-id=\"7983b83\" data-element_type=\"column\" data-settings=\"{&quot;background_background&quot;:&quot;classic&quot;}\">\n\t\t\t<div class=\"elementor-widget-wrap elementor-element-populated\">\n\t\t\t\t\t\t<div class=\"elementor-element elementor-element-9f041d9 elementor-widget elementor-widget-heading\" data-id=\"9f041d9\" data-element_type=\"widget\" data-widget_type=\"heading.default\">\n\t\t\t\t<div class=\"elementor-widget-container\">\n\t\t\t<h5 class=\"elementor-heading-title elementor-size-default\">Want to become a distributor?<\/h5>\t\t<\/div>\n\t\t\t\t<\/div>\n\t\t\t\t<div class=\"elementor-element elementor-element-c2742e4 elementor-widget elementor-widget-text-editor\" data-id=\"c2742e4\" data-element_type=\"widget\" data-widget_type=\"text-editor.default\">\n\t\t\t\t<div class=\"elementor-widget-container\">\n\t\t\t\t\t\t\t<p>Fill in the form below and our team will validate your account as soon as possible...<\/p>\t\t\t\t\t\t<\/div>\n\t\t\t\t<\/div>\n\t\t\t\t\t<\/div>\n\t\t<\/div>\n\t\t\t\t\t<\/div>\n\t\t<\/section>\n\t\t\t\t<div class=\"elementor-element elementor-element-f8bc90c elementor-widget elementor-widget-html\" data-id=\"f8bc90c\" data-element_type=\"widget\" data-widget_type=\"html.default\">\n\t\t\t\t<div class=\"elementor-widget-container\">\n\t\t\t<style type=\"text\/css\">\n\/*Cacher le lien pour devenir affili\u00e9 depuis le compte*\/\n\t.woocommerce-MyAccount-navigation-link--partenaire{\n        display : none !important;\n    }\n\/*Cacher et afficher les champs custom*\/\n\t.afreg_extra_fields h3{\n\t\tdisplay: none;\n\t}\n\t.afreg_extra_fields .form-row.form-row-wide{\n\t\tdisplay: none;\n\t}\n\t.afreg_extra_fields .form-row.form-row-wide.newr{\n\t\tdisplay: block !important;\n\t}\n\t.afreg_field_message{\n\t\tdisplay: none;\n\t}\n\ttextarea.champMessageCustom, #afreg_additional_3805{\n\t\tmin-height: 100px !important;\n\t}\n<\/style>\n<script>\n\/* Selection du type d'utilisateur par d\u00e9faut sur \"3\" = \ndistributeur *\/\n\tdocument.getElementById(\"afreg_select_user_role\").selectedIndex = \"3\";\n\t\/\/ Add * on the input + required\n\tdocument.querySelector(\"label[for='afreg_additional_3805']\").textContent='Message *';\n\tdocument.querySelector(\"label[for='afreg_additional_3804']\").textContent='TVA *';\n\tdocument.querySelector(\"label[for='afreg_additional_3803']\").textContent='T\u00e9l\u00e9phone *';\n\tdocument.getElementById(\"afreg_additional_3803\").required = true;\n\tdocument.getElementById(\"afreg_additional_3804\").required = true;\n\tdocument.getElementById(\"afreg_additional_3805\").required = true;\n<\/script>\t\t<\/div>\n\t\t\t\t<\/div>\n\t\t\t\t\t<\/div>\n\t\t<\/div>\n\t\t\t\t\t<\/div>\n\t\t<\/section>\n\t\t<!-- hidden section -->\t\t<section class=\"elementor-section elementor-top-section elementor-element elementor-element-58abfe7 elementor-section-content-middle dc-has-condition dc-condition-not_contains elementor-section-boxed elementor-section-height-default elementor-section-height-default\" data-id=\"58abfe7\" data-element_type=\"section\" data-settings=\"{&quot;background_background&quot;:&quot;classic&quot;}\">\n\t\t\t\t\t\t<div class=\"elementor-container elementor-column-gap-no\">\n\t\t\t<!-- hidden column -->\t\t\t<\/div>\n\t\t<\/section>\n\t\t\t\t<\/div>","protected":false},"excerpt":{"rendered":"<p>Distributeur D\u00e9j\u00e0 distributeur ? Connectez-vous ci-dessous pour acc\u00e9der \u00e0 votre tableau de bord, passer vos commandes&#8230; Envie de devenir distributeur ? Remplissez le formulaire ci-dessous et notre \u00e9quipe validera votre compte dans les plus brefs d\u00e9lais&#8230; [woocommerce_my_account ] Envie d&rsquo;acc\u00e9der \u00e0 l&rsquo;espace distributeur ? Contactez-nous<\/p>","protected":false},"author":1,"featured_media":0,"parent":0,"menu_order":0,"comment_status":"closed","ping_status":"closed","template":"","meta":{"footnotes":""},"class_list":["post-242","page","type-page","status-publish","hentry"],"jetpack_sharing_enabled":true,"_links":{"self":[{"href":"https:\/\/karyo.store\/en\/wp-json\/wp\/v2\/pages\/242","targetHints":{"allow":["GET"]}}],"collection":[{"href":"https:\/\/karyo.store\/en\/wp-json\/wp\/v2\/pages"}],"about":[{"href":"https:\/\/karyo.store\/en\/wp-json\/wp\/v2\/types\/page"}],"author":[{"embeddable":true,"href":"https:\/\/karyo.store\/en\/wp-json\/wp\/v2\/users\/1"}],"replies":[{"embeddable":true,"href":"https:\/\/karyo.store\/en\/wp-json\/wp\/v2\/comments?post=242"}],"version-history":[{"count":0,"href":"https:\/\/karyo.store\/en\/wp-json\/wp\/v2\/pages\/242\/revisions"}],"wp:attachment":[{"href":"https:\/\/karyo.store\/en\/wp-json\/wp\/v2\/media?parent=242"}],"curies":[{"name":"wp","href":"https:\/\/api.w.org\/{rel}","templated":true}]}}